{"id":215,"date":"2024-09-21T22:51:21","date_gmt":"2024-09-21T20:51:21","guid":{"rendered":"https:\/\/candiceatias.fr\/?page_id=215"},"modified":"2024-09-23T16:29:54","modified_gmt":"2024-09-23T14:29:54","slug":"mentions-legales","status":"publish","type":"page","link":"https:\/\/candiceatias.fr\/index.php\/mentions-legales\/","title":{"rendered":"Mentions l\u00e9gales"},"content":{"rendered":"<p>1. \u00c9diteur du site<br \/>\n\u00a0<br \/>\nWordpress<br \/>\n\u00a0<br \/>\n2. Directeur de la publication<br \/>\n\u00a0<br \/>\nLe directeur de la publication est :Candice Atias<br \/>\n\u00a0<br \/>\n4. Propri\u00e9t\u00e9 intellectuelle<br \/>\n\u00a0<br \/>\nTout le contenu pr\u00e9sent sur ce site, y compris les textes, images, graphismes, logos, vid\u00e9os, et autres, est la propri\u00e9t\u00e9 exclusive de Salem, sauf mention contraire. Toute reproduction, distribution, modification, ou utilisation sans autorisation \u00e9crite est strictement interdite.<br \/>\n\u00a0<br \/>\n5. Protection des donn\u00e9es personnelles<br \/>\n\u00a0<br \/>\nConform\u00e9ment \u00e0 la loi \u00ab\u00a0Informatique et Libert\u00e9s\u00a0\u00bb du 6 janvier 1978 modifi\u00e9e et au R\u00e8glement G\u00e9n\u00e9ral sur la Protection des Donn\u00e9es (RGPD), vous disposez d\u2019un droit d\u2019acc\u00e8s, de modification, de rectification, et de suppression des donn\u00e9es vous concernant. Pour exercer ces droits, veuillez nous contacter \u00e0 l\u2019adresse suivante : contact@candiceatias.fr<br \/>\n\u00a0<br \/>\n6. Cookies<br \/>\n\u00a0<br \/>\nLe site candiceatias.fr utilise des cookies pour am\u00e9liorer l\u2019exp\u00e9rience utilisateur et \u00e0 des fins statistiques. Vous pouvez configurer votre navigateur pour d\u00e9sactiver les cookies.<br \/>\n\u00a0<br \/>\n7. Limitation de responsabilit\u00e9<br \/>\n\u00a0<br \/>\nLa soci\u00e9t\u00e9 Salem s&rsquo;efforce de fournir des informations aussi pr\u00e9cises que possible sur le site, mais ne saurait garantir l\u2019exactitude, la compl\u00e9tude, ou l&rsquo;actualit\u00e9 des informations diffus\u00e9es.<br \/>\n8. Droit applicable et juridiction comp\u00e9tente<br \/>\n\u00a0<br \/>\nLes pr\u00e9sentes mentions l\u00e9gales sont r\u00e9gies par la Loi fran\u00e7aise. En cas de litige, les tribunaux de Paris seront seuls comp\u00e9tents.<\/p>\n","protected":false},"excerpt":{"rendered":"<p>1. \u00c9diteur du site \u00a0 Wordpress \u00a0 2. Directeur de la publication \u00a0 Le directeur de la publication est :Candice Atias \u00a0 4. Propri\u00e9t\u00e9 intellectuelle \u00a0 Tout le contenu pr\u00e9sent sur ce site, y compris les textes, images, graphismes, logos, vid\u00e9os, et autres, est la propri\u00e9t\u00e9 exclusive de Salem, sauf mention contraire. Toute reproduction, distribution, [&hellip;]<\/p>\n","protected":false},"author":1,"featured_media":0,"parent":0,"menu_order":0,"comment_status":"closed","ping_status":"closed","template":"","meta":{"footnotes":""},"class_list":["post-215","page","type-page","status-publish","hentry"],"_links":{"self":[{"href":"https:\/\/candiceatias.fr\/index.php\/wp-json\/wp\/v2\/pages\/215","targetHints":{"allow":["GET"]}}],"collection":[{"href":"https:\/\/candiceatias.fr\/index.php\/wp-json\/wp\/v2\/pages"}],"about":[{"href":"https:\/\/candiceatias.fr\/index.php\/wp-json\/wp\/v2\/types\/page"}],"author":[{"embeddable":true,"href":"https:\/\/candiceatias.fr\/index.php\/wp-json\/wp\/v2\/users\/1"}],"replies":[{"embeddable":true,"href":"https:\/\/candiceatias.fr\/index.php\/wp-json\/wp\/v2\/comments?post=215"}],"version-history":[{"count":2,"href":"https:\/\/candiceatias.fr\/index.php\/wp-json\/wp\/v2\/pages\/215\/revisions"}],"predecessor-version":[{"id":393,"href":"https:\/\/candiceatias.fr\/index.php\/wp-json\/wp\/v2\/pages\/215\/revisions\/393"}],"wp:attachment":[{"href":"https:\/\/candiceatias.fr\/index.php\/wp-json\/wp\/v2\/media?parent=215"}],"curies":[{"name":"wp","href":"https:\/\/api.w.org\/{rel}","templated":true}]}}